{"id":585,"date":"2026-02-19T10:05:14","date_gmt":"2026-02-19T07:05:14","guid":{"rendered":"https:\/\/ventomarepansiyon.com\/?page_id=585"},"modified":"2026-02-19T10:40:41","modified_gmt":"2026-02-19T07:40:41","slug":"dokumanlar","status":"publish","type":"page","link":"https:\/\/ventomarepansiyon.com\/index.php\/dokumanlar\/","title":{"rendered":"D\u00f6k\u00fcmanlar"},"content":{"rendered":"\t\t<div data-elementor-type=\"wp-page\" data-elementor-id=\"585\" class=\"elementor elementor-585\" data-elementor-post-type=\"page\">\n\t\t\t\t\t\t<section class=\"elementor-section elementor-top-section elementor-element elementor-element-9a61da8 elementor-section-boxed elementor-section-height-default elementor-section-height-default\" data-id=\"9a61da8\" data-element_type=\"section\" data-settings=\"{&quot;background_background&quot;:&quot;classic&quot;}\">\n\t\t\t\t\t\t\t<div class=\"elementor-background-overlay\"><\/div>\n\t\t\t\t\t\t\t<div class=\"elementor-container elementor-column-gap-default\">\n\t\t\t\t\t<div class=\"elementor-column elementor-col-100 elementor-top-column elementor-element elementor-element-b595610\" data-id=\"b595610\" data-element_type=\"column\">\n\t\t\t<div class=\"elementor-widget-wrap elementor-element-populated\">\n\t\t\t\t\t\t<div class=\"elementor-element elementor-element-ce5da27 elementor-widget elementor-widget-heading\" data-id=\"ce5da27\" data-element_type=\"widget\" data-widget_type=\"heading.default\">\n\t\t\t\t\t<h1 class=\"elementor-heading-title elementor-size-default\">D\u00f6k\u00fcmanlar<\/h1>\t\t\t\t<\/div>\n\t\t\t\t<div class=\"elementor-element elementor-element-a852ff2 elementor-icon-list--layout-inline elementor-align-center elementor-list-item-link-full_width elementor-widget elementor-widget-icon-list\" data-id=\"a852ff2\" data-element_type=\"widget\" data-widget_type=\"icon-list.default\">\n\t\t\t\t\t\t\t<ul class=\"elementor-icon-list-items elementor-inline-items\">\n\t\t\t\t\t\t\t<li class=\"elementor-icon-list-item elementor-inline-item\">\n\t\t\t\t\t\t\t\t\t\t\t<a href=\"#\">\n\n\t\t\t\t\t\t\t\t\t\t\t<span class=\"elementor-icon-list-text\">Anasayfa<\/span>\n\t\t\t\t\t\t\t\t\t\t\t<\/a>\n\t\t\t\t\t\t\t\t\t<\/li>\n\t\t\t\t\t\t\t\t<li class=\"elementor-icon-list-item elementor-inline-item\">\n\t\t\t\t\t\t\t\t\t\t\t<span class=\"elementor-icon-list-icon\">\n\t\t\t\t\t\t\t<svg aria-hidden=\"true\" class=\"e-font-icon-svg e-fas-circle\" viewBox=\"0 0 512 512\" xmlns=\"http:\/\/www.w3.org\/2000\/svg\"><path d=\"M256 8C119 8 8 119 8 256s111 248 248 248 248-111 248-248S393 8 256 8z\"><\/path><\/svg>\t\t\t\t\t\t<\/span>\n\t\t\t\t\t\t\t\t\t\t<span class=\"elementor-icon-list-text\">D\u00f6k\u00fcmanlar <\/span>\n\t\t\t\t\t\t\t\t\t<\/li>\n\t\t\t\t\t\t<\/ul>\n\t\t\t\t\t\t<\/div>\n\t\t\t\t\t<\/div>\n\t\t<\/div>\n\t\t\t\t\t<\/div>\n\t\t<\/section>\n\t\t<div class=\"elementor-element elementor-element-f43729a e-flex e-con-boxed e-con e-parent\" data-id=\"f43729a\" data-element_type=\"container\">\n\t\t\t\t\t<div class=\"e-con-inner\">\n\t\t\t\t<div class=\"elementor-element elementor-element-5ef72ef elementor-widget elementor-widget-text-editor\" data-id=\"5ef72ef\" data-element_type=\"widget\" data-widget_type=\"text-editor.default\">\n\t\t\t\t\t\t\t\t\t<ul class=\"pdf-listesi\">\n\n<li><a target=\"_blank\" href=\"https:\/\/ventomarepansiyon.com\/wp-content\/uploads\/2026\/02\/01.Kimyasal-Listesi-1.pdf\">01. Kimyasal Listesi<\/a><\/li>\n<li><a target=\"_blank\" href=\"https:\/\/ventomarepansiyon.com\/wp-content\/uploads\/2026\/02\/01.Surdurulebilir-Performans-Raporu-1.pdf\">01. S\u00fcrd\u00fcr\u00fclebilir Performans Raporu<\/a><\/li>\n<li><a target=\"_blank\" href=\"https:\/\/ventomarepansiyon.com\/wp-content\/uploads\/2026\/02\/Cevresel-ve-Kulturel-Surdulebilirlik-Yonetim-Sistemi.pdf\">\u00c7evresel ve K\u00fclt\u00fcrel S\u00fcrd\u00fcr\u00fclebilirlik Y\u00f6netim Sistemi<\/a><\/li>\n<li><a target=\"_blank\" href=\"https:\/\/ventomarepansiyon.com\/wp-content\/uploads\/2026\/02\/Prosedurler-Egitimi.pdf\">Prosed\u00fcrler E\u011fitimi<\/a><\/li>\n<li><a target=\"_blank\" href=\"https:\/\/ventomarepansiyon.com\/wp-content\/uploads\/2026\/02\/03.EGITIM-PLANI.pdf\">03. E\u011fitim Plan\u0131<\/a><\/li>\n<li><a target=\"_blank\" href=\"https:\/\/ventomarepansiyon.com\/wp-content\/uploads\/2026\/02\/02.Cevresel_Kulturel_Surdurulebilirlik_Egitim_Sunumu.pdf\">02. \u00c7evresel K\u00fclt\u00fcrel S\u00fcrd\u00fcr\u00fclebilirlik E\u011fitim Sunumu<\/a><\/li>\n<li><a target=\"_blank\" href=\"https:\/\/ventomarepansiyon.com\/wp-content\/uploads\/2026\/02\/01.Cevresel-ve-Kulturel-Surdurulebilirlik-Egitim-Proseduru.pdf\">\u00c7evresel ve K\u00fclt\u00fcrel S\u00fcrd\u00fcr\u00fclebilirlik E\u011fitim Prosed\u00fcr\u00fc<\/a><\/li>\n<li><a target=\"_blank\" href=\"https:\/\/ventomarepansiyon.com\/wp-content\/uploads\/2026\/02\/01.Musteri-Memnuniyeti-ve-Sikayet-Yonetimi-Proseduru.pdf\">M\u00fc\u015fteri Memnuniyeti ve \u015eikayet Y\u00f6netimi Prosed\u00fcr\u00fc<\/a><\/li>\n<li><a target=\"_blank\" href=\"https:\/\/ventomarepansiyon.com\/wp-content\/uploads\/2026\/02\/04.Cevre-Etki-Degerlendirmesi.pdf\">\u00c7evre Etki De\u011ferlendirmesi<\/a><\/li>\n<li><a target=\"_blank\" href=\"https:\/\/ventomarepansiyon.com\/wp-content\/uploads\/2026\/02\/03.Su-Risk-Degerlendirmesi.pdf\">Su Risk De\u011ferlendirmesi<\/a><\/li>\n<li><a target=\"_blank\" href=\"https:\/\/ventomarepansiyon.com\/wp-content\/uploads\/2026\/02\/02.Surdurulebilirlik-Risk-Analiz-Tablosu.pdf\">S\u00fcrd\u00fcr\u00fclebilirlik Risk Analiz Tablosu<\/a><\/li>\n<li><a target=\"_blank\" href=\"https:\/\/ventomarepansiyon.com\/wp-content\/uploads\/2026\/02\/02.Onayli-Tedarikci-Listesi.pdf\">Onayl\u0131 Tedarik\u00e7i Listesi<\/a><\/li>\n<li><a target=\"_blank\" href=\"https:\/\/ventomarepansiyon.com\/wp-content\/uploads\/2026\/02\/01.Atik-Yonetim-Proseduru.pdf\">At\u0131k Y\u00f6netim Prosed\u00fcr\u00fc<\/a><\/li>\n<li><a target=\"_blank\" href=\"https:\/\/ventomarepansiyon.com\/wp-content\/uploads\/2026\/02\/00A.Kalite-Politikasi.pdf\">Kalite Politikas\u0131<\/a><\/li>\n<li><a target=\"_blank\" href=\"https:\/\/ventomarepansiyon.com\/wp-content\/uploads\/2026\/02\/01A.Surdurulebilirlik-Yonetim-Sistemi-Politikasi.pdf\">S\u00fcrd\u00fcr\u00fclebilirlik Y\u00f6netim Sistemi Politikas\u0131<\/a><\/li>\n<li><a target=\"_blank\" href=\"https:\/\/ventomarepansiyon.com\/wp-content\/uploads\/2026\/02\/03A.Surdurulebilir-Satin-Alma-Politikasi.pdf\">S\u00fcrd\u00fcr\u00fclebilir Sat\u0131n Alma Politikas\u0131<\/a><\/li>\n<li><a target=\"_blank\" href=\"https:\/\/ventomarepansiyon.com\/wp-content\/uploads\/2026\/02\/05B.Yerel-Satin-Alma-ve-Tedarik-Politikasi.pdf\">Yerel Sat\u0131n Alma ve Tedarik Politikas\u0131<\/a><\/li>\n<li><a target=\"_blank\" href=\"https:\/\/ventomarepansiyon.com\/wp-content\/uploads\/2026\/02\/13D.Su-Yonetimi-Politikasi.pdf\">Su Y\u00f6netimi Politikas\u0131<\/a><\/li>\n<li><a target=\"_blank\" href=\"https:\/\/ventomarepansiyon.com\/wp-content\/uploads\/2026\/02\/15D.Cevre-Koruma-Politikasi.pdf\">\u00c7evre Koruma Politikas\u0131<\/a><\/li>\n<li><a target=\"_blank\" href=\"https:\/\/ventomarepansiyon.com\/wp-content\/uploads\/2026\/02\/12D.Enerji-Yonetimi-Politikasi.pdf\">Enerji Y\u00f6netimi Politikas\u0131<\/a><\/li>\n<li><a target=\"_blank\" href=\"https:\/\/ventomarepansiyon.com\/wp-content\/uploads\/2026\/02\/14D.Atik-Yonetimi-Politikasi.pdf\">At\u0131k Y\u00f6netimi Politikas\u0131<\/a><\/li>\n<li><a target=\"_blank\" href=\"https:\/\/ventomarepansiyon.com\/wp-content\/uploads\/2026\/02\/10B.Kadin-Haklari-ve-Cinsiyet-Esitligi-Politikasi.pdf\">Kad\u0131n Haklar\u0131 ve Cinsiyet E\u015fitli\u011fi Politikas\u0131<\/a><\/li>\n\n<\/ul>\n\t\t\t\t\t\t\t\t<\/div>\n\t\t\t\t\t<\/div>\n\t\t\t\t<\/div>\n\t\t\t\t<\/div>\n\t\t","protected":false},"excerpt":{"rendered":"<p>D\u00f6k\u00fcmanlar Anasayfa D\u00f6k\u00fcmanlar 01. Kimyasal Listesi 01. S\u00fcrd\u00fcr\u00fclebilir Performans Raporu \u00c7evresel ve K\u00fclt\u00fcrel S\u00fcrd\u00fcr\u00fclebilirlik Y\u00f6netim Sistemi Prosed\u00fcrler E\u011fitimi 03. E\u011fitim Plan\u0131 02. \u00c7evresel K\u00fclt\u00fcrel S\u00fcrd\u00fcr\u00fclebilirlik E\u011fitim Sunumu \u00c7evresel ve K\u00fclt\u00fcrel S\u00fcrd\u00fcr\u00fclebilirlik E\u011fitim Prosed\u00fcr\u00fc M\u00fc\u015fteri Memnuniyeti ve \u015eikayet Y\u00f6netimi Prosed\u00fcr\u00fc \u00c7evre Etki De\u011ferlendirmesi Su Risk De\u011ferlendirmesi S\u00fcrd\u00fcr\u00fclebilirlik Risk Analiz Tablosu Onayl\u0131 Tedarik\u00e7i Listesi At\u0131k Y\u00f6netim Prosed\u00fcr\u00fc [&hellip;]<\/p>\n","protected":false},"author":1,"featured_media":0,"parent":0,"menu_order":0,"comment_status":"closed","ping_status":"closed","template":"elementor_header_footer","meta":{"footnotes":""},"class_list":["post-585","page","type-page","status-publish","hentry"],"_links":{"self":[{"href":"https:\/\/ventomarepansiyon.com\/index.php\/wp-json\/wp\/v2\/pages\/585","targetHints":{"allow":["GET"]}}],"collection":[{"href":"https:\/\/ventomarepansiyon.com\/index.php\/wp-json\/wp\/v2\/pages"}],"about":[{"href":"https:\/\/ventomarepansiyon.com\/index.php\/wp-json\/wp\/v2\/types\/page"}],"author":[{"embeddable":true,"href":"https:\/\/ventomarepansiyon.com\/index.php\/wp-json\/wp\/v2\/users\/1"}],"replies":[{"embeddable":true,"href":"https:\/\/ventomarepansiyon.com\/index.php\/wp-json\/wp\/v2\/comments?post=585"}],"version-history":[{"count":23,"href":"https:\/\/ventomarepansiyon.com\/index.php\/wp-json\/wp\/v2\/pages\/585\/revisions"}],"predecessor-version":[{"id":677,"href":"https:\/\/ventomarepansiyon.com\/index.php\/wp-json\/wp\/v2\/pages\/585\/revisions\/677"}],"wp:attachment":[{"href":"https:\/\/ventomarepansiyon.com\/index.php\/wp-json\/wp\/v2\/media?parent=585"}],"curies":[{"name":"wp","href":"https:\/\/api.w.org\/{rel}","templated":true}]}}